{"id":2192,"date":"2019-03-13T10:17:13","date_gmt":"2019-03-13T10:17:13","guid":{"rendered":"https:\/\/nbhs.ch\/?page_id=2192"},"modified":"2021-07-26T06:55:14","modified_gmt":"2021-07-26T06:55:14","slug":"spenden","status":"publish","type":"page","link":"https:\/\/stage.nbhs.ch\/de\/spenden\/","title":{"rendered":"Spenden"},"content":{"rendered":"<p>[vc_row lg_spacing=&#8221;padding_top:150&#8243; gutter=&#8221;sm:30;md:40;lg:60&#8243;][vc_column][tm_heading custom_google_font=&#8221;&#8221; text=&#8221;Spenden&#8221;][tm_spacer size=&#8221;lg:60&#8243;][vc_column_text]Mit Ihrer Spende unterst\u00fctzen Sie die Arbeit und Weiterentwicklung der Nachbarschaftshilfe See. Sie helfen mit, dass das nachbarschaftliche Miteinander in den 6 Mitgliedsgemeinden Altnau, Bottighofen, G\u00fcttingen, Langrickenbach, Lengwil, M\u00fcnsterlingen nachhaltig integriert wird.<\/p>\n<p>F\u00fcr Spenden benutzen Sie bitte folgende Kontoangaben:<\/p>\n<p><strong>Raiffeisenbank Regio Altnau<\/strong><br \/>\n<strong>IBAN: CH74 8080 8005 2297 9092 3<\/strong><br \/>\n<strong>laufend auf: Nachbarschaftshilfe See<br \/>\n<\/strong><\/p>\n<p>Wir danken Ihnen von Herzen f\u00fcr Ihre Spende![\/vc_column_text][tm_spacer size=&#8221;lg:60&#8243;][vc_column_text]\n<div class=\"wpcf7 no-js\" id=\"wpcf7-f2485-o1\" lang=\"de-DE\" dir=\"ltr\">\n<div class=\"screen-reader-response\"><p role=\"status\" aria-live=\"polite\" aria-atomic=\"true\"><\/p> <ul><\/ul><\/div>\n<form action=\"\/de\/wp-json\/wp\/v2\/pages\/2192\/#wpcf7-f2485-o1\" method=\"post\" class=\"wpcf7-form init\" aria-label=\"Kontaktformular\" novalidate=\"novalidate\" data-status=\"init\">\n<div style=\"display: none;\">\n<input type=\"hidden\" name=\"_wpcf7\" value=\"2485\" \/>\n<input type=\"hidden\" name=\"_wpcf7_version\" value=\"5.7.5.1\" \/>\n<input type=\"hidden\" name=\"_wpcf7_locale\" value=\"de_DE\" \/>\n<input type=\"hidden\" name=\"_wpcf7_unit_tag\" value=\"wpcf7-f2485-o1\" \/>\n<input type=\"hidden\" name=\"_wpcf7_container_post\" value=\"0\" \/>\n<input type=\"hidden\" name=\"_wpcf7_posted_data_hash\" value=\"\" \/>\n<\/div>\n<p><label> Name*<br \/>\n<span class=\"wpcf7-form-control-wrap\" data-name=\"your-name\"><input size=\"40\" class=\"wpcf7-form-control wpcf7-text wpcf7-validates-as-required\" aria-required=\"true\" aria-invalid=\"false\" value=\"\" type=\"text\" name=\"your-name\" \/><\/span> <\/label>\n<\/p>\n<p><label> Adresse*<br \/>\n<span class=\"wpcf7-form-control-wrap\" data-name=\"your-adress\"><input size=\"40\" class=\"wpcf7-form-control wpcf7-text wpcf7-validates-as-required\" aria-required=\"true\" aria-invalid=\"false\" value=\"\" type=\"text\" name=\"your-adress\" \/><\/span> <\/label>\n<\/p>\n<p><label> PLZ\/Ort*<br \/>\n<span class=\"wpcf7-form-control-wrap\" data-name=\"your-plz-ort\"><input size=\"40\" class=\"wpcf7-form-control wpcf7-text wpcf7-validates-as-required\" aria-required=\"true\" aria-invalid=\"false\" value=\"\" type=\"text\" name=\"your-plz-ort\" \/><\/span> <\/label>\n<\/p>\n<p><label> Telefon*<br \/>\n<span class=\"wpcf7-form-control-wrap\" data-name=\"your-tel\"><input size=\"40\" class=\"wpcf7-form-control wpcf7-text wpcf7-tel wpcf7-validates-as-required wpcf7-validates-as-tel\" aria-required=\"true\" aria-invalid=\"false\" value=\"\" type=\"tel\" name=\"your-tel\" \/><\/span> <\/label>\n<\/p>\n<p><label> Deine E-Mail-Adresse*<br \/>\n<span class=\"wpcf7-form-control-wrap\" data-name=\"your-email\"><input size=\"40\" class=\"wpcf7-form-control wpcf7-text wpcf7-email wpcf7-validates-as-required wpcf7-validates-as-email\" aria-required=\"true\" aria-invalid=\"false\" value=\"\" type=\"email\" name=\"your-email\" \/><\/span> <\/label>\n<\/p>\n<p><label> Spendenbetrag*<br \/>\n<span class=\"wpcf7-form-control-wrap\" data-name=\"Spendenbetrag\"><input size=\"40\" class=\"wpcf7-form-control wpcf7-text wpcf7-validates-as-required\" aria-required=\"true\" aria-invalid=\"false\" value=\"\" type=\"text\" name=\"Spendenbetrag\" \/><\/span> <\/label>\n<\/p>\n<p><label> Bemerkung<br \/>\n<span class=\"wpcf7-form-control-wrap\" data-name=\"bemerkung\"><textarea cols=\"40\" rows=\"10\" class=\"wpcf7-form-control wpcf7-textarea\" aria-invalid=\"false\" name=\"bemerkung\"><\/textarea><\/span> <\/label>\n<\/p>\n<p><input class=\"wpcf7-form-control has-spinner wpcf7-submit\" type=\"submit\" value=\"Senden\" \/>\n<\/p><div class=\"wpcf7-response-output\" aria-hidden=\"true\"><\/div>\n<\/form>\n<\/div>\n[\/vc_column_text][\/vc_column][\/vc_row]<\/p>\n","protected":false},"excerpt":{"rendered":"<p>[vc_row lg_spacing=&#8221;padding_top:150&#8243; gutter=&#8221;sm:30;md:40;lg:60&#8243;][vc_column][tm_heading custom_google_font=&#8221;&#8221; text=&#8221;Spenden&#8221;][tm_spacer size=&#8221;lg:60&#8243;][vc_column_text]Mit Ihrer Spende unterst\u00fctzen Sie die Arbeit und Weiterentwicklung der Nachbarschaftshilfe See. Sie helfen mit, dass das nachbarschaftliche Miteinander in den 6 Mitgliedsgemeinden Altnau, Bottighofen, G\u00fcttingen, Langrickenbach, Lengwil, M\u00fcnsterlingen nachhaltig integriert wird. F\u00fcr Spenden benutzen Sie bitte folgende Kontoangaben: Raiffeisenbank Regio Altnau IBAN: CH74 8080 8005 2297 9092 3 laufend auf: Nachbarschaftshilfe See Wir danken Ihnen von Herzen f\u00fcr Ihre Spende![\/vc_column_text][tm_spacer size=&#8221;lg:60&#8243;][vc_column_text][\/vc_column_text][\/vc_column][\/vc_row]<\/p>\n","protected":false},"author":1,"featured_media":0,"parent":0,"menu_order":0,"comment_status":"closed","ping_status":"closed","template":"","meta":[],"acf":[],"yoast_head":"<!-- This site is optimized with the Yoast SEO plugin v20.4 - https:\/\/yoast.com\/wordpress\/plugins\/seo\/ -->\n<title>Spenden - Nachbarschaftshilfe See<\/title>\n<meta name=\"robots\" content=\"index, follow, max-snippet:-1, max-image-preview:large, max-video-preview:-1\" \/>\n<link rel=\"canonical\" href=\"https:\/\/stage.nbhs.ch\/de\/spenden\/\" \/>\n<meta property=\"og:locale\" content=\"de_DE\" \/>\n<meta property=\"og:type\" content=\"article\" \/>\n<meta property=\"og:title\" content=\"Spenden - Nachbarschaftshilfe See\" \/>\n<meta property=\"og:description\" content=\"[vc_row lg_spacing=&#8221;padding_top:150&#8243; gutter=&#8221;sm:30;md:40;lg:60&#8243;][vc_column][tm_heading custom_google_font=&#8221;&#8221; text=&#8221;Spenden&#8221;][tm_spacer size=&#8221;lg:60&#8243;][vc_column_text]Mit Ihrer Spende unterst\u00fctzen Sie die Arbeit und Weiterentwicklung der Nachbarschaftshilfe See. Sie helfen mit, dass das nachbarschaftliche Miteinander in den 6 Mitgliedsgemeinden Altnau, Bottighofen, G\u00fcttingen, Langrickenbach, Lengwil, M\u00fcnsterlingen nachhaltig integriert wird. F\u00fcr Spenden benutzen Sie bitte folgende Kontoangaben: Raiffeisenbank Regio Altnau IBAN: CH74 8080 8005 2297 9092 3 laufend auf: Nachbarschaftshilfe See Wir danken Ihnen von Herzen f\u00fcr Ihre Spende![\/vc_column_text][tm_spacer size=&#8221;lg:60&#8243;][vc_column_text][\/vc_column_text][\/vc_column][\/vc_row]\" \/>\n<meta property=\"og:url\" content=\"https:\/\/stage.nbhs.ch\/de\/spenden\/\" \/>\n<meta property=\"og:site_name\" content=\"Nachbarschaftshilfe See\" \/>\n<meta property=\"article:modified_time\" content=\"2021-07-26T06:55:14+00:00\" \/>\n<meta name=\"twitter:card\" content=\"summary_large_image\" \/>\n<meta name=\"twitter:label1\" content=\"Gesch\u00e4tzte Lesezeit\" \/>\n\t<meta name=\"twitter:data1\" content=\"1\u00a0Minute\" \/>\n<script type=\"application\/ld+json\" class=\"yoast-schema-graph\">{\"@context\":\"https:\/\/schema.org\",\"@graph\":[{\"@type\":\"WebPage\",\"@id\":\"https:\/\/stage.nbhs.ch\/de\/spenden\/\",\"url\":\"https:\/\/stage.nbhs.ch\/de\/spenden\/\",\"name\":\"Spenden - Nachbarschaftshilfe See\",\"isPartOf\":{\"@id\":\"https:\/\/stage.nbhs.ch\/de\/#website\"},\"datePublished\":\"2019-03-13T10:17:13+00:00\",\"dateModified\":\"2021-07-26T06:55:14+00:00\",\"breadcrumb\":{\"@id\":\"https:\/\/stage.nbhs.ch\/de\/spenden\/#breadcrumb\"},\"inLanguage\":\"de\",\"potentialAction\":[{\"@type\":\"ReadAction\",\"target\":[\"https:\/\/stage.nbhs.ch\/de\/spenden\/\"]}]},{\"@type\":\"BreadcrumbList\",\"@id\":\"https:\/\/stage.nbhs.ch\/de\/spenden\/#breadcrumb\",\"itemListElement\":[{\"@type\":\"ListItem\",\"position\":1,\"name\":\"Startseite\",\"item\":\"https:\/\/stage.nbhs.ch\/de\/\"},{\"@type\":\"ListItem\",\"position\":2,\"name\":\"Spenden\"}]},{\"@type\":\"WebSite\",\"@id\":\"https:\/\/stage.nbhs.ch\/de\/#website\",\"url\":\"https:\/\/stage.nbhs.ch\/de\/\",\"name\":\"Nachbarschaftshilfe See\",\"description\":\"Dein Engagement z\u00e4hlt\",\"potentialAction\":[{\"@type\":\"SearchAction\",\"target\":{\"@type\":\"EntryPoint\",\"urlTemplate\":\"https:\/\/stage.nbhs.ch\/de\/?s={search_term_string}\"},\"query-input\":\"required name=search_term_string\"}],\"inLanguage\":\"de\"}]}<\/script>\n<!-- \/ Yoast SEO plugin. -->","yoast_head_json":{"title":"Spenden - Nachbarschaftshilfe See","robots":{"index":"index","follow":"follow","max-snippet":"max-snippet:-1","max-image-preview":"max-image-preview:large","max-video-preview":"max-video-preview:-1"},"canonical":"https:\/\/stage.nbhs.ch\/de\/spenden\/","og_locale":"de_DE","og_type":"article","og_title":"Spenden - Nachbarschaftshilfe See","og_description":"[vc_row lg_spacing=&#8221;padding_top:150&#8243; gutter=&#8221;sm:30;md:40;lg:60&#8243;][vc_column][tm_heading custom_google_font=&#8221;&#8221; text=&#8221;Spenden&#8221;][tm_spacer size=&#8221;lg:60&#8243;][vc_column_text]Mit Ihrer Spende unterst\u00fctzen Sie die Arbeit und Weiterentwicklung der Nachbarschaftshilfe See. Sie helfen mit, dass das nachbarschaftliche Miteinander in den 6 Mitgliedsgemeinden Altnau, Bottighofen, G\u00fcttingen, Langrickenbach, Lengwil, M\u00fcnsterlingen nachhaltig integriert wird. F\u00fcr Spenden benutzen Sie bitte folgende Kontoangaben: Raiffeisenbank Regio Altnau IBAN: CH74 8080 8005 2297 9092 3 laufend auf: Nachbarschaftshilfe See Wir danken Ihnen von Herzen f\u00fcr Ihre Spende![\/vc_column_text][tm_spacer size=&#8221;lg:60&#8243;][vc_column_text][\/vc_column_text][\/vc_column][\/vc_row]","og_url":"https:\/\/stage.nbhs.ch\/de\/spenden\/","og_site_name":"Nachbarschaftshilfe See","article_modified_time":"2021-07-26T06:55:14+00:00","twitter_card":"summary_large_image","twitter_misc":{"Gesch\u00e4tzte Lesezeit":"1\u00a0Minute"},"schema":{"@context":"https:\/\/schema.org","@graph":[{"@type":"WebPage","@id":"https:\/\/stage.nbhs.ch\/de\/spenden\/","url":"https:\/\/stage.nbhs.ch\/de\/spenden\/","name":"Spenden - Nachbarschaftshilfe See","isPartOf":{"@id":"https:\/\/stage.nbhs.ch\/de\/#website"},"datePublished":"2019-03-13T10:17:13+00:00","dateModified":"2021-07-26T06:55:14+00:00","breadcrumb":{"@id":"https:\/\/stage.nbhs.ch\/de\/spenden\/#breadcrumb"},"inLanguage":"de","potentialAction":[{"@type":"ReadAction","target":["https:\/\/stage.nbhs.ch\/de\/spenden\/"]}]},{"@type":"BreadcrumbList","@id":"https:\/\/stage.nbhs.ch\/de\/spenden\/#breadcrumb","itemListElement":[{"@type":"ListItem","position":1,"name":"Startseite","item":"https:\/\/stage.nbhs.ch\/de\/"},{"@type":"ListItem","position":2,"name":"Spenden"}]},{"@type":"WebSite","@id":"https:\/\/stage.nbhs.ch\/de\/#website","url":"https:\/\/stage.nbhs.ch\/de\/","name":"Nachbarschaftshilfe See","description":"Dein Engagement z\u00e4hlt","potentialAction":[{"@type":"SearchAction","target":{"@type":"EntryPoint","urlTemplate":"https:\/\/stage.nbhs.ch\/de\/?s={search_term_string}"},"query-input":"required name=search_term_string"}],"inLanguage":"de"}]}},"_links":{"self":[{"href":"https:\/\/stage.nbhs.ch\/de\/wp-json\/wp\/v2\/pages\/2192\/"}],"collection":[{"href":"https:\/\/stage.nbhs.ch\/de\/wp-json\/wp\/v2\/pages\/"}],"about":[{"href":"https:\/\/stage.nbhs.ch\/de\/wp-json\/wp\/v2\/types\/page\/"}],"author":[{"embeddable":true,"href":"https:\/\/stage.nbhs.ch\/de\/wp-json\/wp\/v2\/users\/1\/"}],"replies":[{"embeddable":true,"href":"https:\/\/stage.nbhs.ch\/de\/wp-json\/wp\/v2\/comments\/?post=2192"}],"version-history":[{"count":6,"href":"https:\/\/stage.nbhs.ch\/de\/wp-json\/wp\/v2\/pages\/2192\/revisions\/"}],"predecessor-version":[{"id":3230,"href":"https:\/\/stage.nbhs.ch\/de\/wp-json\/wp\/v2\/pages\/2192\/revisions\/3230\/"}],"wp:attachment":[{"href":"https:\/\/stage.nbhs.ch\/de\/wp-json\/wp\/v2\/media\/?parent=2192"}],"curies":[{"name":"wp","href":"https:\/\/api.w.org\/{rel}","templated":true}]}}