{"id":2176,"date":"2019-03-13T09:36:56","date_gmt":"2019-03-13T09:36:56","guid":{"rendered":"https:\/\/nbhs.ch\/?page_id=2176"},"modified":"2021-12-10T09:12:11","modified_gmt":"2021-12-10T09:12:11","slug":"nutzerinfos","status":"publish","type":"page","link":"https:\/\/stage.nbhs.ch\/de\/nutzerinfos\/","title":{"rendered":"Nutzerinfos"},"content":{"rendered":"<p>[vc_row full_width=&#8221;stretch_row&#8221; background_color=&#8221;custom&#8221; lg_spacing=&#8221;padding_top:150;padding_bottom:70&#8243; custom_background_color=&#8221;#f7f7f7&#8243;][vc_column][tm_heading custom_google_font=&#8221;&#8221; google_fonts=&#8221;font_family:Open%20Sans%3A300%2C300italic%2Cregular%2Citalic%2C600%2C600italic%2C700%2C700italic%2C800%2C800italic|font_style:300%20light%20regular%3A300%3Anormal&#8221; text=&#8221;NBHS Nutzerinfo&#8221; max_width=&#8221;470px&#8221;][tm_spacer size=&#8221;lg:20&#8243;][vc_column_text]Wollen Sie ihre Dienste anbieten oder Nachbarschaftshilfe beziehen, dann melden Sie sich einfach bei unserer Koordinationsstelle unter <a href=\"https:\/\/nbhs.ch\/de\/anfragen\/\">Anfragen<\/a><\/p>\n<p>Die NBHS-Koordinationsstelle vermittelt zwischen NBHS-Empf\u00e4nger und freiwilligen Helfern. Das erste Treffen wird auf Wunsch von ihr begleitet. Die k\u00fcnftigen Einsatzvereinbarungen werden festgelegt. Die geleisteten Stunden werden von der Koordinationsstelle nachgef\u00fchrt. Sie erhalten sporadisch einen \u00dcberblick \u00fcber Ihre bezogenen und geleisteten Stunden. <a href=\"mailto:Zeitkonto@nbhs.ch\">Zeitkonto@nbhs.ch<\/a><\/p>\n<p>Freiwilligenarbeit nach <a href=\"https:\/\/nbhs.ch\/de\/benvolstandards\/\">benevol Standards<\/a><br \/>\nDie NBHS richtet sich nach den Standards von Benevol Schweiz. Wir beschr\u00e4nken unsere Eins\u00e4tze auf maximal sechs Stunden pro Woche. Somit verhindern wir damit eine Konkurrenzierung der umliegenden Gewerbe.<\/p>\n<p><strong>Mitgeltende Dokumente f\u00fcr Ihren Einsatz<br \/>\n<\/strong> Damit Sie alle Informationen zu Versicherungen, Arbeitssicherheit und Spesen jederzeit zur Verf\u00fcgung haben, k\u00f6nnen Sie die mitgeltenden Formulare hier downloaden.[\/vc_column_text][\/vc_column][\/vc_row][vc_row][vc_column width=&#8221;1\/5&#8243;][tm_button lg_spacing=&#8221;padding_bottom:40;padding_left:20&#8243; button=&#8221;url:https%3A%2F%2Fwww.nbhs.ch%2Fwp-content%2Fuploads%2F2019%2F10%2FInfoschreiben-Versicherungsswchutz-1.docx|title:Versicherungsschutz||&#8221;][tm_button lg_spacing=&#8221;padding_bottom:40;padding_left:20&#8243; button=&#8221;url:https%3A%2F%2Fwww.benevol.ch%2Fde%2Faktuell%2Faktuelles%2Fsingle%2Fnews%2F2021%2F12%2F6%2Fneue-corona-massnahmen-ab-6-dezember-2021.html|title:Schutzkonzept%20||&#8221;][\/vc_column][vc_column width=&#8221;1\/5&#8243;][tm_button lg_spacing=&#8221;padding_bottom:40&#8243; button=&#8221;url:https%3A%2F%2Fwww.nbhs.ch%2Fwp-content%2Fuploads%2F2018%2F10%2FArbeitssicherheit-Gesundheitsschutz.docx|title:Arbeitssicherheit||&#8221;][\/vc_column][vc_column width=&#8221;1\/5&#8243;][tm_button lg_spacing=&#8221;padding_bottom:40&#8243; button=&#8221;url:https%3A%2F%2Fwww.nbhs.ch%2Fwp-content%2Fuploads%2F2018%2F10%2FSpesenreglement.docx|title:Spesenreglement||&#8221;][\/vc_column][vc_column width=&#8221;1\/5&#8243;][tm_button lg_spacing=&#8221;padding_bottom:40&#8243; button=&#8221;url:https%3A%2F%2Fwww.nbhs.ch%2Fwp-content%2Fuploads%2F2018%2F10%2FSpesenabrechnung-NBHS.xlsx|title:Spesenabrechnung||&#8221;][\/vc_column][vc_column width=&#8221;1\/5&#8243;][tm_button lg_spacing=&#8221;padding_bottom:40&#8243; button=&#8221;url:https%3A%2F%2Fwww.nbhs.ch%2Fwp-content%2Fuploads%2F2018%2F10%2FZeitaufnahme.docx|title:Formular%20Zeitaufnahme||&#8221;][\/vc_column][\/vc_row]<\/p>\n","protected":false},"excerpt":{"rendered":"<p>[vc_row full_width=&#8221;stretch_row&#8221; background_color=&#8221;custom&#8221; lg_spacing=&#8221;padding_top:150;padding_bottom:70&#8243; custom_background_color=&#8221;#f7f7f7&#8243;][vc_column][tm_heading custom_google_font=&#8221;&#8221; google_fonts=&#8221;font_family:Open%20Sans%3A300%2C300italic%2Cregular%2Citalic%2C600%2C600italic%2C700%2C700italic%2C800%2C800italic|font_style:300%20light%20regular%3A300%3Anormal&#8221; text=&#8221;NBHS Nutzerinfo&#8221; max_width=&#8221;470px&#8221;][tm_spacer size=&#8221;lg:20&#8243;][vc_column_text]Wollen Sie ihre Dienste anbieten oder Nachbarschaftshilfe beziehen, dann melden Sie sich einfach bei unserer Koordinationsstelle unter Anfragen Die NBHS-Koordinationsstelle vermittelt zwischen NBHS-Empf\u00e4nger und freiwilligen Helfern. Das erste Treffen wird auf Wunsch von ihr begleitet. Die k\u00fcnftigen Einsatzvereinbarungen werden festgelegt. Die geleisteten Stunden werden von der Koordinationsstelle nachgef\u00fchrt. Sie erhalten sporadisch einen \u00dcberblick \u00fcber Ihre bezogenen und geleisteten Stunden. Zeitkonto@nbhs.ch Freiwilligenarbeit nach benevol Standards Die NBHS richtet sich nach den Standards von Benevol Schweiz. Wir beschr\u00e4nken unsere Eins\u00e4tze auf maximal sechs Stunden pro Woche. Somit verhindern wir damit eine Konkurrenzierung der umliegenden Gewerbe. Mitgeltende Dokumente f\u00fcr Ihren Einsatz Damit Sie alle Informationen zu Versicherungen, Arbeitssicherheit und Spesen jederzeit zur Verf\u00fcgung haben, k\u00f6nnen Sie die mitgeltenden Formulare hier downloaden.[\/vc_column_text][\/vc_column][\/vc_row][vc_row][vc_column width=&#8221;1\/5&#8243;][tm_button lg_spacing=&#8221;padding_bottom:40;padding_left:20&#8243; button=&#8221;url:https%3A%2F%2Fwww.nbhs.ch%2Fwp-content%2Fuploads%2F2019%2F10%2FInfoschreiben-Versicherungsswchutz-1.docx|title:Versicherungsschutz||&#8221;][tm_button lg_spacing=&#8221;padding_bottom:40;padding_left:20&#8243; button=&#8221;url:https%3A%2F%2Fwww.benevol.ch%2Fde%2Faktuell%2Faktuelles%2Fsingle%2Fnews%2F2021%2F12%2F6%2Fneue-corona-massnahmen-ab-6-dezember-2021.html|title:Schutzkonzept%20||&#8221;][\/vc_column][vc_column width=&#8221;1\/5&#8243;][tm_button lg_spacing=&#8221;padding_bottom:40&#8243; button=&#8221;url:https%3A%2F%2Fwww.nbhs.ch%2Fwp-content%2Fuploads%2F2018%2F10%2FArbeitssicherheit-Gesundheitsschutz.docx|title:Arbeitssicherheit||&#8221;][\/vc_column][vc_column width=&#8221;1\/5&#8243;][tm_button lg_spacing=&#8221;padding_bottom:40&#8243; button=&#8221;url:https%3A%2F%2Fwww.nbhs.ch%2Fwp-content%2Fuploads%2F2018%2F10%2FSpesenreglement.docx|title:Spesenreglement||&#8221;][\/vc_column][vc_column width=&#8221;1\/5&#8243;][tm_button lg_spacing=&#8221;padding_bottom:40&#8243; button=&#8221;url:https%3A%2F%2Fwww.nbhs.ch%2Fwp-content%2Fuploads%2F2018%2F10%2FSpesenabrechnung-NBHS.xlsx|title:Spesenabrechnung||&#8221;][\/vc_column][vc_column width=&#8221;1\/5&#8243;][tm_button lg_spacing=&#8221;padding_bottom:40&#8243; button=&#8221;url:https%3A%2F%2Fwww.nbhs.ch%2Fwp-content%2Fuploads%2F2018%2F10%2FZeitaufnahme.docx|title:Formular%20Zeitaufnahme||&#8221;][\/vc_column][\/vc_row]<\/p>\n","protected":false},"author":1,"featured_media":0,"parent":0,"menu_order":0,"comment_status":"closed","ping_status":"closed","template":"","meta":[],"acf":[],"yoast_head":"<!-- This site is optimized with the Yoast SEO plugin v20.4 - https:\/\/yoast.com\/wordpress\/plugins\/seo\/ -->\n<title>Nutzerinfos - Nachbarschaftshilfe See<\/title>\n<meta name=\"robots\" content=\"index, follow, max-snippet:-1, max-image-preview:large, max-video-preview:-1\" \/>\n<link rel=\"canonical\" href=\"https:\/\/stage.nbhs.ch\/de\/nutzerinfos\/\" \/>\n<meta property=\"og:locale\" content=\"de_DE\" \/>\n<meta property=\"og:type\" content=\"article\" \/>\n<meta property=\"og:title\" content=\"Nutzerinfos - Nachbarschaftshilfe See\" \/>\n<meta property=\"og:description\" content=\"[vc_row full_width=&#8221;stretch_row&#8221; background_color=&#8221;custom&#8221; lg_spacing=&#8221;padding_top:150;padding_bottom:70&#8243; custom_background_color=&#8221;#f7f7f7&#8243;][vc_column][tm_heading custom_google_font=&#8221;&#8221; google_fonts=&#8221;font_family:Open%20Sans%3A300%2C300italic%2Cregular%2Citalic%2C600%2C600italic%2C700%2C700italic%2C800%2C800italic|font_style:300%20light%20regular%3A300%3Anormal&#8221; text=&#8221;NBHS Nutzerinfo&#8221; max_width=&#8221;470px&#8221;][tm_spacer size=&#8221;lg:20&#8243;][vc_column_text]Wollen Sie ihre Dienste anbieten oder Nachbarschaftshilfe beziehen, dann melden Sie sich einfach bei unserer Koordinationsstelle unter Anfragen Die NBHS-Koordinationsstelle vermittelt zwischen NBHS-Empf\u00e4nger und freiwilligen Helfern. Das erste Treffen wird auf Wunsch von ihr begleitet. Die k\u00fcnftigen Einsatzvereinbarungen werden festgelegt. Die geleisteten Stunden werden von der Koordinationsstelle nachgef\u00fchrt. Sie erhalten sporadisch einen \u00dcberblick \u00fcber Ihre bezogenen und geleisteten Stunden. Zeitkonto@nbhs.ch Freiwilligenarbeit nach benevol Standards Die NBHS richtet sich nach den Standards von Benevol Schweiz. Wir beschr\u00e4nken unsere Eins\u00e4tze auf maximal sechs Stunden pro Woche. Somit verhindern wir damit eine Konkurrenzierung der umliegenden Gewerbe. Mitgeltende Dokumente f\u00fcr Ihren Einsatz Damit Sie alle Informationen zu Versicherungen, Arbeitssicherheit und Spesen jederzeit zur Verf\u00fcgung haben, k\u00f6nnen Sie die mitgeltenden Formulare hier downloaden.[\/vc_column_text][\/vc_column][\/vc_row][vc_row][vc_column width=&#8221;1\/5&#8243;][tm_button lg_spacing=&#8221;padding_bottom:40;padding_left:20&#8243; button=&#8221;url:https%3A%2F%2Fwww.nbhs.ch%2Fwp-content%2Fuploads%2F2019%2F10%2FInfoschreiben-Versicherungsswchutz-1.docx|title:Versicherungsschutz||&#8221;][tm_button lg_spacing=&#8221;padding_bottom:40;padding_left:20&#8243; button=&#8221;url:https%3A%2F%2Fwww.benevol.ch%2Fde%2Faktuell%2Faktuelles%2Fsingle%2Fnews%2F2021%2F12%2F6%2Fneue-corona-massnahmen-ab-6-dezember-2021.html|title:Schutzkonzept%20||&#8221;][\/vc_column][vc_column width=&#8221;1\/5&#8243;][tm_button lg_spacing=&#8221;padding_bottom:40&#8243; button=&#8221;url:https%3A%2F%2Fwww.nbhs.ch%2Fwp-content%2Fuploads%2F2018%2F10%2FArbeitssicherheit-Gesundheitsschutz.docx|title:Arbeitssicherheit||&#8221;][\/vc_column][vc_column width=&#8221;1\/5&#8243;][tm_button lg_spacing=&#8221;padding_bottom:40&#8243; button=&#8221;url:https%3A%2F%2Fwww.nbhs.ch%2Fwp-content%2Fuploads%2F2018%2F10%2FSpesenreglement.docx|title:Spesenreglement||&#8221;][\/vc_column][vc_column width=&#8221;1\/5&#8243;][tm_button lg_spacing=&#8221;padding_bottom:40&#8243; button=&#8221;url:https%3A%2F%2Fwww.nbhs.ch%2Fwp-content%2Fuploads%2F2018%2F10%2FSpesenabrechnung-NBHS.xlsx|title:Spesenabrechnung||&#8221;][\/vc_column][vc_column width=&#8221;1\/5&#8243;][tm_button lg_spacing=&#8221;padding_bottom:40&#8243; button=&#8221;url:https%3A%2F%2Fwww.nbhs.ch%2Fwp-content%2Fuploads%2F2018%2F10%2FZeitaufnahme.docx|title:Formular%20Zeitaufnahme||&#8221;][\/vc_column][\/vc_row]\" \/>\n<meta property=\"og:url\" content=\"https:\/\/stage.nbhs.ch\/de\/nutzerinfos\/\" \/>\n<meta property=\"og:site_name\" content=\"Nachbarschaftshilfe See\" \/>\n<meta property=\"article:modified_time\" content=\"2021-12-10T09:12:11+00:00\" \/>\n<meta name=\"twitter:card\" content=\"summary_large_image\" \/>\n<meta name=\"twitter:label1\" content=\"Gesch\u00e4tzte Lesezeit\" \/>\n\t<meta name=\"twitter:data1\" content=\"2\u00a0Minuten\" \/>\n<script type=\"application\/ld+json\" class=\"yoast-schema-graph\">{\"@context\":\"https:\/\/schema.org\",\"@graph\":[{\"@type\":\"WebPage\",\"@id\":\"https:\/\/stage.nbhs.ch\/de\/nutzerinfos\/\",\"url\":\"https:\/\/stage.nbhs.ch\/de\/nutzerinfos\/\",\"name\":\"Nutzerinfos - Nachbarschaftshilfe See\",\"isPartOf\":{\"@id\":\"https:\/\/stage.nbhs.ch\/de\/#website\"},\"datePublished\":\"2019-03-13T09:36:56+00:00\",\"dateModified\":\"2021-12-10T09:12:11+00:00\",\"breadcrumb\":{\"@id\":\"https:\/\/stage.nbhs.ch\/de\/nutzerinfos\/#breadcrumb\"},\"inLanguage\":\"de\",\"potentialAction\":[{\"@type\":\"ReadAction\",\"target\":[\"https:\/\/stage.nbhs.ch\/de\/nutzerinfos\/\"]}]},{\"@type\":\"BreadcrumbList\",\"@id\":\"https:\/\/stage.nbhs.ch\/de\/nutzerinfos\/#breadcrumb\",\"itemListElement\":[{\"@type\":\"ListItem\",\"position\":1,\"name\":\"Startseite\",\"item\":\"https:\/\/stage.nbhs.ch\/de\/\"},{\"@type\":\"ListItem\",\"position\":2,\"name\":\"Nutzerinfos\"}]},{\"@type\":\"WebSite\",\"@id\":\"https:\/\/stage.nbhs.ch\/de\/#website\",\"url\":\"https:\/\/stage.nbhs.ch\/de\/\",\"name\":\"Nachbarschaftshilfe See\",\"description\":\"Dein Engagement z\u00e4hlt\",\"potentialAction\":[{\"@type\":\"SearchAction\",\"target\":{\"@type\":\"EntryPoint\",\"urlTemplate\":\"https:\/\/stage.nbhs.ch\/de\/?s={search_term_string}\"},\"query-input\":\"required name=search_term_string\"}],\"inLanguage\":\"de\"}]}<\/script>\n<!-- \/ Yoast SEO plugin. -->","yoast_head_json":{"title":"Nutzerinfos - Nachbarschaftshilfe See","robots":{"index":"index","follow":"follow","max-snippet":"max-snippet:-1","max-image-preview":"max-image-preview:large","max-video-preview":"max-video-preview:-1"},"canonical":"https:\/\/stage.nbhs.ch\/de\/nutzerinfos\/","og_locale":"de_DE","og_type":"article","og_title":"Nutzerinfos - Nachbarschaftshilfe See","og_description":"[vc_row full_width=&#8221;stretch_row&#8221; background_color=&#8221;custom&#8221; lg_spacing=&#8221;padding_top:150;padding_bottom:70&#8243; custom_background_color=&#8221;#f7f7f7&#8243;][vc_column][tm_heading custom_google_font=&#8221;&#8221; google_fonts=&#8221;font_family:Open%20Sans%3A300%2C300italic%2Cregular%2Citalic%2C600%2C600italic%2C700%2C700italic%2C800%2C800italic|font_style:300%20light%20regular%3A300%3Anormal&#8221; text=&#8221;NBHS Nutzerinfo&#8221; max_width=&#8221;470px&#8221;][tm_spacer size=&#8221;lg:20&#8243;][vc_column_text]Wollen Sie ihre Dienste anbieten oder Nachbarschaftshilfe beziehen, dann melden Sie sich einfach bei unserer Koordinationsstelle unter Anfragen Die NBHS-Koordinationsstelle vermittelt zwischen NBHS-Empf\u00e4nger und freiwilligen Helfern. Das erste Treffen wird auf Wunsch von ihr begleitet. Die k\u00fcnftigen Einsatzvereinbarungen werden festgelegt. Die geleisteten Stunden werden von der Koordinationsstelle nachgef\u00fchrt. Sie erhalten sporadisch einen \u00dcberblick \u00fcber Ihre bezogenen und geleisteten Stunden. Zeitkonto@nbhs.ch Freiwilligenarbeit nach benevol Standards Die NBHS richtet sich nach den Standards von Benevol Schweiz. Wir beschr\u00e4nken unsere Eins\u00e4tze auf maximal sechs Stunden pro Woche. Somit verhindern wir damit eine Konkurrenzierung der umliegenden Gewerbe. Mitgeltende Dokumente f\u00fcr Ihren Einsatz Damit Sie alle Informationen zu Versicherungen, Arbeitssicherheit und Spesen jederzeit zur Verf\u00fcgung haben, k\u00f6nnen Sie die mitgeltenden Formulare hier downloaden.[\/vc_column_text][\/vc_column][\/vc_row][vc_row][vc_column width=&#8221;1\/5&#8243;][tm_button lg_spacing=&#8221;padding_bottom:40;padding_left:20&#8243; button=&#8221;url:https%3A%2F%2Fwww.nbhs.ch%2Fwp-content%2Fuploads%2F2019%2F10%2FInfoschreiben-Versicherungsswchutz-1.docx|title:Versicherungsschutz||&#8221;][tm_button lg_spacing=&#8221;padding_bottom:40;padding_left:20&#8243; button=&#8221;url:https%3A%2F%2Fwww.benevol.ch%2Fde%2Faktuell%2Faktuelles%2Fsingle%2Fnews%2F2021%2F12%2F6%2Fneue-corona-massnahmen-ab-6-dezember-2021.html|title:Schutzkonzept%20||&#8221;][\/vc_column][vc_column width=&#8221;1\/5&#8243;][tm_button lg_spacing=&#8221;padding_bottom:40&#8243; button=&#8221;url:https%3A%2F%2Fwww.nbhs.ch%2Fwp-content%2Fuploads%2F2018%2F10%2FArbeitssicherheit-Gesundheitsschutz.docx|title:Arbeitssicherheit||&#8221;][\/vc_column][vc_column width=&#8221;1\/5&#8243;][tm_button lg_spacing=&#8221;padding_bottom:40&#8243; button=&#8221;url:https%3A%2F%2Fwww.nbhs.ch%2Fwp-content%2Fuploads%2F2018%2F10%2FSpesenreglement.docx|title:Spesenreglement||&#8221;][\/vc_column][vc_column width=&#8221;1\/5&#8243;][tm_button lg_spacing=&#8221;padding_bottom:40&#8243; button=&#8221;url:https%3A%2F%2Fwww.nbhs.ch%2Fwp-content%2Fuploads%2F2018%2F10%2FSpesenabrechnung-NBHS.xlsx|title:Spesenabrechnung||&#8221;][\/vc_column][vc_column width=&#8221;1\/5&#8243;][tm_button lg_spacing=&#8221;padding_bottom:40&#8243; button=&#8221;url:https%3A%2F%2Fwww.nbhs.ch%2Fwp-content%2Fuploads%2F2018%2F10%2FZeitaufnahme.docx|title:Formular%20Zeitaufnahme||&#8221;][\/vc_column][\/vc_row]","og_url":"https:\/\/stage.nbhs.ch\/de\/nutzerinfos\/","og_site_name":"Nachbarschaftshilfe See","article_modified_time":"2021-12-10T09:12:11+00:00","twitter_card":"summary_large_image","twitter_misc":{"Gesch\u00e4tzte Lesezeit":"2\u00a0Minuten"},"schema":{"@context":"https:\/\/schema.org","@graph":[{"@type":"WebPage","@id":"https:\/\/stage.nbhs.ch\/de\/nutzerinfos\/","url":"https:\/\/stage.nbhs.ch\/de\/nutzerinfos\/","name":"Nutzerinfos - Nachbarschaftshilfe See","isPartOf":{"@id":"https:\/\/stage.nbhs.ch\/de\/#website"},"datePublished":"2019-03-13T09:36:56+00:00","dateModified":"2021-12-10T09:12:11+00:00","breadcrumb":{"@id":"https:\/\/stage.nbhs.ch\/de\/nutzerinfos\/#breadcrumb"},"inLanguage":"de","potentialAction":[{"@type":"ReadAction","target":["https:\/\/stage.nbhs.ch\/de\/nutzerinfos\/"]}]},{"@type":"BreadcrumbList","@id":"https:\/\/stage.nbhs.ch\/de\/nutzerinfos\/#breadcrumb","itemListElement":[{"@type":"ListItem","position":1,"name":"Startseite","item":"https:\/\/stage.nbhs.ch\/de\/"},{"@type":"ListItem","position":2,"name":"Nutzerinfos"}]},{"@type":"WebSite","@id":"https:\/\/stage.nbhs.ch\/de\/#website","url":"https:\/\/stage.nbhs.ch\/de\/","name":"Nachbarschaftshilfe See","description":"Dein Engagement z\u00e4hlt","potentialAction":[{"@type":"SearchAction","target":{"@type":"EntryPoint","urlTemplate":"https:\/\/stage.nbhs.ch\/de\/?s={search_term_string}"},"query-input":"required name=search_term_string"}],"inLanguage":"de"}]}},"_links":{"self":[{"href":"https:\/\/stage.nbhs.ch\/de\/wp-json\/wp\/v2\/pages\/2176\/"}],"collection":[{"href":"https:\/\/stage.nbhs.ch\/de\/wp-json\/wp\/v2\/pages\/"}],"about":[{"href":"https:\/\/stage.nbhs.ch\/de\/wp-json\/wp\/v2\/types\/page\/"}],"author":[{"embeddable":true,"href":"https:\/\/stage.nbhs.ch\/de\/wp-json\/wp\/v2\/users\/1\/"}],"replies":[{"embeddable":true,"href":"https:\/\/stage.nbhs.ch\/de\/wp-json\/wp\/v2\/comments\/?post=2176"}],"version-history":[{"count":14,"href":"https:\/\/stage.nbhs.ch\/de\/wp-json\/wp\/v2\/pages\/2176\/revisions\/"}],"predecessor-version":[{"id":3258,"href":"https:\/\/stage.nbhs.ch\/de\/wp-json\/wp\/v2\/pages\/2176\/revisions\/3258\/"}],"wp:attachment":[{"href":"https:\/\/stage.nbhs.ch\/de\/wp-json\/wp\/v2\/media\/?parent=2176"}],"curies":[{"name":"wp","href":"https:\/\/api.w.org\/{rel}","templated":true}]}}