{"id":1533,"date":"2018-11-23T01:24:00","date_gmt":"2018-11-23T01:24:00","guid":{"rendered":"https:\/\/nbhs.ch\/home-04\/"},"modified":"2022-09-13T07:33:58","modified_gmt":"2022-09-13T07:33:58","slug":"home","status":"publish","type":"page","link":"https:\/\/stage.nbhs.ch\/de\/","title":{"rendered":"Home"},"content":{"rendered":"<p>[vc_row full_width=&#8221;stretch_row&#8221; lg_spacing=&#8221;padding_top:115;padding_bottom:115&#8243; background_image=&#8221;1393&#8243; el_id=&#8221;section-services&#8221; background_position=&#8221;center center&#8221;][vc_column][tm_heading tag=&#8221;h2&#8243; custom_google_font=&#8221;&#8221; text=&#8221;Gegenseitige Hilfe macht selbst arme Leute reich&#8221;][tm_spacer size=&#8221;lg:10&#8243;][tm_spacer][tm_heading tag=&#8221;h4&#8243; custom_google_font=&#8221;&#8221; text=&#8221;Die NBHS Nachbarschaftshilfe See richtete sich an deren Mitglieder und an die Bev\u00f6lkerung der 6 Mitgliedergemeinden Altnau, Bottighofen, G\u00fcttingen, Langrickenbach, Lengwil und M\u00fcnsterlingen.&#8221;][tm_spacer size=&#8221;lg:10&#8243;][vc_column_text][\/vc_column_text][tm_spacer size=&#8221;lg:30&#8243;][tm_spacer size=&#8221;lg:30&#8243;][vc_row_inner][vc_column_inner width=&#8221;1\/2&#8243;][tm_box_icon style=&#8221;2&#8243; image=&#8221;2631&#8243; heading=&#8221;Freie Engagements \/ Wir suchen&#8221; text=&#8221;Hier finden Sie freie Engagements\/Gesuche von unseren Mitgliedern und Bewohner\/innen im Vereinsgebiet. Bei Interesse d\u00fcrfen Sie sich gerne bei uns melden. Wir freuen uns auf Ihre Kontaktaufnahme.&#8221; button=&#8221;url:%2Fde%2Ffreie-engagements%2F|title:Freie%20Engagements||&#8221; items=&#8221;%5B%7B%7D%5D&#8221; link=&#8221;url:%2Fde%2Ffreie-engagements%2F|title:Freie%20Engagements||&#8221;][tm_box_icon style=&#8221;2&#8243; image=&#8221;1659&#8243; heading=&#8221;Mitgliedschaften&#8221; text=&#8221;Die NBHS f\u00f6rdert die organisierte und freiwillige Nachbarschaftshilfe.&#8221; button=&#8221;url:%2Fde%2Fmitgliedschaften%2F|title:Mitgliedschaften||&#8221; items=&#8221;%5B%7B%7D%5D&#8221; link=&#8221;url:%2Fde%2Fmitgliedschaften%2F|title:Mitgliedschaften||&#8221;][\/vc_column_inner][vc_column_inner width=&#8221;1\/2&#8243;][tm_box_icon style=&#8221;2&#8243; image=&#8221;1657&#8243; heading=&#8221;NBHS Angebote&#8221; text=&#8221;Hier sehen Sie was wir unter Nachbarschaftshilfe verstehen. In diesem Bereich darf jedes Mitglied oder Bewohner der Gemeinden im Vereinsgebiet, Unterst\u00fctzung anbieten und beziehen.&#8221; button=&#8221;url:%2Fde%2Fangebote%2F|title:Zu%20unseren%20Angeboten||&#8221; items=&#8221;%5B%7B%7D%5D&#8221; link=&#8221;url:%2Fde%2Fangebote%2F|title:Zu%20unseren%20Angeboten||&#8221;][tm_box_icon style=&#8221;2&#8243; image=&#8221;1655&#8243; heading=&#8221;Spenden&#8221; text=&#8221;Mit Ihrer Spende unterst\u00fctzen Sie die Nachbarschaftshilfe See.&#8221; button=&#8221;url:%2Fde%2Fspenden%2F|title:Spenden||&#8221; items=&#8221;%5B%7B%7D%5D&#8221; link=&#8221;url:%2Fde%2Fspenden%2F|title:Spenden||&#8221;][\/vc_column_inner][\/vc_row_inner][vc_row_inner][vc_column_inner][vc_column_text]<\/p>\n<h3><strong>\u00dcbersicht bestehendes Angebot der umgebenen Vereinen und Organisationen<\/strong><\/h3>\n<p>Wir vermitteln auch bei einem bereits bestehenden Angebot der umgebenden Vereinen und Organisationen. Sie d\u00fcrfen sich gerne bei uns melden oder sich in der untenstehenden Suchmaske selbst informieren. Bitte haben Sie Verst\u00e4ndnis, wenn noch nicht alle Vereine und Organisationen aufgelistet sind.[\/vc_column_text][\/vc_column_inner][\/vc_row_inner][vc_row_inner][vc_column_inner][vc_column_text][tm_caregiver_search_form style=&#8221;02&#8243; heading=&#8221;Vereine und Organisationen&#8221; button_text=&#8221;Finden&#8221;][\/vc_column_text][\/vc_column_inner][\/vc_row_inner][tm_spacer size=&#8221;lg:10&#8243;][tm_spacer size=&#8221;lg:10&#8243;][tm_spacer size=&#8221;lg:10&#8243;][tm_spacer size=&#8221;lg:10&#8243;][tm_spacer size=&#8221;lg:10&#8243;][tm_spacer size=&#8221;lg:10&#8243;][\/vc_column][\/vc_row][vc_row][vc_column][tm_spacer size=&#8221;lg:10&#8243;][\/vc_column][\/vc_row]<\/p>\n","protected":false},"excerpt":{"rendered":"<p>[vc_row full_width=&#8221;stretch_row&#8221; lg_spacing=&#8221;padding_top:115;padding_bottom:115&#8243; background_image=&#8221;1393&#8243; el_id=&#8221;section-services&#8221; background_position=&#8221;center center&#8221;][vc_column][tm_heading tag=&#8221;h2&#8243; custom_google_font=&#8221;&#8221; text=&#8221;Gegenseitige Hilfe macht selbst arme Leute reich&#8221;][tm_spacer size=&#8221;lg:10&#8243;][tm_spacer][tm_heading tag=&#8221;h4&#8243; custom_google_font=&#8221;&#8221; text=&#8221;Die NBHS Nachbarschaftshilfe See richtete sich an deren Mitglieder und an die Bev\u00f6lkerung der 6 Mitgliedergemeinden Altnau, Bottighofen, G\u00fcttingen, Langrickenbach, Lengwil und M\u00fcnsterlingen.&#8221;][tm_spacer size=&#8221;lg:10&#8243;][vc_column_text][\/vc_column_text][tm_spacer size=&#8221;lg:30&#8243;][tm_spacer size=&#8221;lg:30&#8243;][vc_row_inner][vc_column_inner width=&#8221;1\/2&#8243;][tm_box_icon style=&#8221;2&#8243; image=&#8221;2631&#8243; heading=&#8221;Freie Engagements \/ Wir suchen&#8221; text=&#8221;Hier finden Sie freie Engagements\/Gesuche von unseren Mitgliedern und Bewohner\/innen im Vereinsgebiet. Bei Interesse d\u00fcrfen Sie sich gerne bei uns melden. Wir freuen uns auf Ihre Kontaktaufnahme.&#8221; button=&#8221;url:%2Fde%2Ffreie-engagements%2F|title:Freie%20Engagements||&#8221; items=&#8221;%5B%7B%7D%5D&#8221; link=&#8221;url:%2Fde%2Ffreie-engagements%2F|title:Freie%20Engagements||&#8221;][tm_box_icon style=&#8221;2&#8243; image=&#8221;1659&#8243; heading=&#8221;Mitgliedschaften&#8221; text=&#8221;Die NBHS f\u00f6rdert die organisierte und freiwillige Nachbarschaftshilfe.&#8221; button=&#8221;url:%2Fde%2Fmitgliedschaften%2F|title:Mitgliedschaften||&#8221; items=&#8221;%5B%7B%7D%5D&#8221; link=&#8221;url:%2Fde%2Fmitgliedschaften%2F|title:Mitgliedschaften||&#8221;][\/vc_column_inner][vc_column_inner width=&#8221;1\/2&#8243;][tm_box_icon style=&#8221;2&#8243; image=&#8221;1657&#8243; heading=&#8221;NBHS Angebote&#8221; text=&#8221;Hier sehen Sie was wir unter Nachbarschaftshilfe verstehen. In diesem Bereich darf jedes Mitglied oder Bewohner der Gemeinden im Vereinsgebiet, Unterst\u00fctzung anbieten und beziehen.&#8221; button=&#8221;url:%2Fde%2Fangebote%2F|title:Zu%20unseren%20Angeboten||&#8221; items=&#8221;%5B%7B%7D%5D&#8221; link=&#8221;url:%2Fde%2Fangebote%2F|title:Zu%20unseren%20Angeboten||&#8221;][tm_box_icon style=&#8221;2&#8243; image=&#8221;1655&#8243; heading=&#8221;Spenden&#8221; text=&#8221;Mit Ihrer Spende unterst\u00fctzen Sie die Nachbarschaftshilfe See.&#8221; button=&#8221;url:%2Fde%2Fspenden%2F|title:Spenden||&#8221; items=&#8221;%5B%7B%7D%5D&#8221; link=&#8221;url:%2Fde%2Fspenden%2F|title:Spenden||&#8221;][\/vc_column_inner][\/vc_row_inner][vc_row_inner][vc_column_inner][vc_column_text] \u00dcbersicht bestehendes Angebot der umgebenen Vereinen und Organisationen Wir vermitteln auch bei einem bereits bestehenden Angebot der umgebenden Vereinen und Organisationen. Sie d\u00fcrfen sich gerne bei uns melden oder sich in der untenstehenden Suchmaske selbst informieren. Bitte haben Sie Verst\u00e4ndnis, wenn noch nicht alle Vereine und Organisationen aufgelistet sind.[\/vc_column_text][\/vc_column_inner][\/vc_row_inner][vc_row_inner][vc_column_inner][vc_column_text][tm_caregiver_search_form style=&#8221;02&#8243; heading=&#8221;Vereine und Organisationen&#8221; button_text=&#8221;Finden&#8221;][\/vc_column_text][\/vc_column_inner][\/vc_row_inner][tm_spacer size=&#8221;lg:10&#8243;][tm_spacer size=&#8221;lg:10&#8243;][tm_spacer size=&#8221;lg:10&#8243;][tm_spacer size=&#8221;lg:10&#8243;][tm_spacer size=&#8221;lg:10&#8243;][tm_spacer size=&#8221;lg:10&#8243;][\/vc_column][\/vc_row][vc_row][vc_column][tm_spacer size=&#8221;lg:10&#8243;][\/vc_column][\/vc_row]<\/p>\n","protected":false},"author":1,"featured_media":0,"parent":0,"menu_order":0,"comment_status":"closed","ping_status":"closed","template":"","meta":[],"acf":[],"yoast_head":"<!-- This site is optimized with the Yoast SEO plugin v20.4 - https:\/\/yoast.com\/wordpress\/plugins\/seo\/ -->\n<title>Home - Nachbarschaftshilfe See<\/title>\n<meta name=\"robots\" content=\"index, follow, max-snippet:-1, max-image-preview:large, max-video-preview:-1\" \/>\n<link rel=\"canonical\" href=\"https:\/\/stage.nbhs.ch\/de\/\" \/>\n<meta property=\"og:locale\" content=\"de_DE\" \/>\n<meta property=\"og:type\" content=\"article\" \/>\n<meta property=\"og:title\" content=\"Home - Nachbarschaftshilfe See\" \/>\n<meta property=\"og:description\" content=\"[vc_row full_width=&#8221;stretch_row&#8221; lg_spacing=&#8221;padding_top:115;padding_bottom:115&#8243; background_image=&#8221;1393&#8243; el_id=&#8221;section-services&#8221; background_position=&#8221;center center&#8221;][vc_column][tm_heading tag=&#8221;h2&#8243; custom_google_font=&#8221;&#8221; text=&#8221;Gegenseitige Hilfe macht selbst arme Leute reich&#8221;][tm_spacer size=&#8221;lg:10&#8243;][tm_spacer][tm_heading tag=&#8221;h4&#8243; custom_google_font=&#8221;&#8221; text=&#8221;Die NBHS Nachbarschaftshilfe See richtete sich an deren Mitglieder und an die Bev\u00f6lkerung der 6 Mitgliedergemeinden Altnau, Bottighofen, G\u00fcttingen, Langrickenbach, Lengwil und M\u00fcnsterlingen.&#8221;][tm_spacer size=&#8221;lg:10&#8243;][vc_column_text][\/vc_column_text][tm_spacer size=&#8221;lg:30&#8243;][tm_spacer size=&#8221;lg:30&#8243;][vc_row_inner][vc_column_inner width=&#8221;1\/2&#8243;][tm_box_icon style=&#8221;2&#8243; image=&#8221;2631&#8243; heading=&#8221;Freie Engagements \/ Wir suchen&#8221; text=&#8221;Hier finden Sie freie Engagements\/Gesuche von unseren Mitgliedern und Bewohner\/innen im Vereinsgebiet. Bei Interesse d\u00fcrfen Sie sich gerne bei uns melden. Wir freuen uns auf Ihre Kontaktaufnahme.&#8221; button=&#8221;url:%2Fde%2Ffreie-engagements%2F|title:Freie%20Engagements||&#8221; items=&#8221;%5B%7B%7D%5D&#8221; link=&#8221;url:%2Fde%2Ffreie-engagements%2F|title:Freie%20Engagements||&#8221;][tm_box_icon style=&#8221;2&#8243; image=&#8221;1659&#8243; heading=&#8221;Mitgliedschaften&#8221; text=&#8221;Die NBHS f\u00f6rdert die organisierte und freiwillige Nachbarschaftshilfe.&#8221; button=&#8221;url:%2Fde%2Fmitgliedschaften%2F|title:Mitgliedschaften||&#8221; items=&#8221;%5B%7B%7D%5D&#8221; link=&#8221;url:%2Fde%2Fmitgliedschaften%2F|title:Mitgliedschaften||&#8221;][\/vc_column_inner][vc_column_inner width=&#8221;1\/2&#8243;][tm_box_icon style=&#8221;2&#8243; image=&#8221;1657&#8243; heading=&#8221;NBHS Angebote&#8221; text=&#8221;Hier sehen Sie was wir unter Nachbarschaftshilfe verstehen. In diesem Bereich darf jedes Mitglied oder Bewohner der Gemeinden im Vereinsgebiet, Unterst\u00fctzung anbieten und beziehen.&#8221; button=&#8221;url:%2Fde%2Fangebote%2F|title:Zu%20unseren%20Angeboten||&#8221; items=&#8221;%5B%7B%7D%5D&#8221; link=&#8221;url:%2Fde%2Fangebote%2F|title:Zu%20unseren%20Angeboten||&#8221;][tm_box_icon style=&#8221;2&#8243; image=&#8221;1655&#8243; heading=&#8221;Spenden&#8221; text=&#8221;Mit Ihrer Spende unterst\u00fctzen Sie die Nachbarschaftshilfe See.&#8221; button=&#8221;url:%2Fde%2Fspenden%2F|title:Spenden||&#8221; items=&#8221;%5B%7B%7D%5D&#8221; link=&#8221;url:%2Fde%2Fspenden%2F|title:Spenden||&#8221;][\/vc_column_inner][\/vc_row_inner][vc_row_inner][vc_column_inner][vc_column_text] \u00dcbersicht bestehendes Angebot der umgebenen Vereinen und Organisationen Wir vermitteln auch bei einem bereits bestehenden Angebot der umgebenden Vereinen und Organisationen. Sie d\u00fcrfen sich gerne bei uns melden oder sich in der untenstehenden Suchmaske selbst informieren. Bitte haben Sie Verst\u00e4ndnis, wenn noch nicht alle Vereine und Organisationen aufgelistet sind.[\/vc_column_text][\/vc_column_inner][\/vc_row_inner][vc_row_inner][vc_column_inner][vc_column_text][tm_caregiver_search_form style=&#8221;02&#8243; heading=&#8221;Vereine und Organisationen&#8221; button_text=&#8221;Finden&#8221;][\/vc_column_text][\/vc_column_inner][\/vc_row_inner][tm_spacer size=&#8221;lg:10&#8243;][tm_spacer size=&#8221;lg:10&#8243;][tm_spacer size=&#8221;lg:10&#8243;][tm_spacer size=&#8221;lg:10&#8243;][tm_spacer size=&#8221;lg:10&#8243;][tm_spacer size=&#8221;lg:10&#8243;][\/vc_column][\/vc_row][vc_row][vc_column][tm_spacer size=&#8221;lg:10&#8243;][\/vc_column][\/vc_row]\" \/>\n<meta property=\"og:url\" content=\"https:\/\/stage.nbhs.ch\/de\/\" \/>\n<meta property=\"og:site_name\" content=\"Nachbarschaftshilfe See\" \/>\n<meta property=\"article:modified_time\" content=\"2022-09-13T07:33:58+00:00\" \/>\n<meta name=\"twitter:card\" content=\"summary_large_image\" \/>\n<meta name=\"twitter:label1\" content=\"Gesch\u00e4tzte Lesezeit\" \/>\n\t<meta name=\"twitter:data1\" content=\"2\u00a0Minuten\" \/>\n<script type=\"application\/ld+json\" class=\"yoast-schema-graph\">{\"@context\":\"https:\/\/schema.org\",\"@graph\":[{\"@type\":\"WebPage\",\"@id\":\"https:\/\/stage.nbhs.ch\/de\/\",\"url\":\"https:\/\/stage.nbhs.ch\/de\/\",\"name\":\"Home - Nachbarschaftshilfe See\",\"isPartOf\":{\"@id\":\"https:\/\/stage.nbhs.ch\/de\/#website\"},\"datePublished\":\"2018-11-23T01:24:00+00:00\",\"dateModified\":\"2022-09-13T07:33:58+00:00\",\"breadcrumb\":{\"@id\":\"https:\/\/stage.nbhs.ch\/de\/#breadcrumb\"},\"inLanguage\":\"de\",\"potentialAction\":[{\"@type\":\"ReadAction\",\"target\":[\"https:\/\/stage.nbhs.ch\/de\/\"]}]},{\"@type\":\"BreadcrumbList\",\"@id\":\"https:\/\/stage.nbhs.ch\/de\/#breadcrumb\",\"itemListElement\":[{\"@type\":\"ListItem\",\"position\":1,\"name\":\"Startseite\",\"item\":\"https:\/\/stage.nbhs.ch\/de\/\"},{\"@type\":\"ListItem\",\"position\":2,\"name\":\"Home\"}]},{\"@type\":\"WebSite\",\"@id\":\"https:\/\/stage.nbhs.ch\/de\/#website\",\"url\":\"https:\/\/stage.nbhs.ch\/de\/\",\"name\":\"Nachbarschaftshilfe See\",\"description\":\"Dein Engagement z\u00e4hlt\",\"potentialAction\":[{\"@type\":\"SearchAction\",\"target\":{\"@type\":\"EntryPoint\",\"urlTemplate\":\"https:\/\/stage.nbhs.ch\/de\/?s={search_term_string}\"},\"query-input\":\"required name=search_term_string\"}],\"inLanguage\":\"de\"}]}<\/script>\n<!-- \/ Yoast SEO plugin. -->","yoast_head_json":{"title":"Home - Nachbarschaftshilfe See","robots":{"index":"index","follow":"follow","max-snippet":"max-snippet:-1","max-image-preview":"max-image-preview:large","max-video-preview":"max-video-preview:-1"},"canonical":"https:\/\/stage.nbhs.ch\/de\/","og_locale":"de_DE","og_type":"article","og_title":"Home - Nachbarschaftshilfe See","og_description":"[vc_row full_width=&#8221;stretch_row&#8221; lg_spacing=&#8221;padding_top:115;padding_bottom:115&#8243; background_image=&#8221;1393&#8243; el_id=&#8221;section-services&#8221; background_position=&#8221;center center&#8221;][vc_column][tm_heading tag=&#8221;h2&#8243; custom_google_font=&#8221;&#8221; text=&#8221;Gegenseitige Hilfe macht selbst arme Leute reich&#8221;][tm_spacer size=&#8221;lg:10&#8243;][tm_spacer][tm_heading tag=&#8221;h4&#8243; custom_google_font=&#8221;&#8221; text=&#8221;Die NBHS Nachbarschaftshilfe See richtete sich an deren Mitglieder und an die Bev\u00f6lkerung der 6 Mitgliedergemeinden Altnau, Bottighofen, G\u00fcttingen, Langrickenbach, Lengwil und M\u00fcnsterlingen.&#8221;][tm_spacer size=&#8221;lg:10&#8243;][vc_column_text][\/vc_column_text][tm_spacer size=&#8221;lg:30&#8243;][tm_spacer size=&#8221;lg:30&#8243;][vc_row_inner][vc_column_inner width=&#8221;1\/2&#8243;][tm_box_icon style=&#8221;2&#8243; image=&#8221;2631&#8243; heading=&#8221;Freie Engagements \/ Wir suchen&#8221; text=&#8221;Hier finden Sie freie Engagements\/Gesuche von unseren Mitgliedern und Bewohner\/innen im Vereinsgebiet. Bei Interesse d\u00fcrfen Sie sich gerne bei uns melden. Wir freuen uns auf Ihre Kontaktaufnahme.&#8221; button=&#8221;url:%2Fde%2Ffreie-engagements%2F|title:Freie%20Engagements||&#8221; items=&#8221;%5B%7B%7D%5D&#8221; link=&#8221;url:%2Fde%2Ffreie-engagements%2F|title:Freie%20Engagements||&#8221;][tm_box_icon style=&#8221;2&#8243; image=&#8221;1659&#8243; heading=&#8221;Mitgliedschaften&#8221; text=&#8221;Die NBHS f\u00f6rdert die organisierte und freiwillige Nachbarschaftshilfe.&#8221; button=&#8221;url:%2Fde%2Fmitgliedschaften%2F|title:Mitgliedschaften||&#8221; items=&#8221;%5B%7B%7D%5D&#8221; link=&#8221;url:%2Fde%2Fmitgliedschaften%2F|title:Mitgliedschaften||&#8221;][\/vc_column_inner][vc_column_inner width=&#8221;1\/2&#8243;][tm_box_icon style=&#8221;2&#8243; image=&#8221;1657&#8243; heading=&#8221;NBHS Angebote&#8221; text=&#8221;Hier sehen Sie was wir unter Nachbarschaftshilfe verstehen. In diesem Bereich darf jedes Mitglied oder Bewohner der Gemeinden im Vereinsgebiet, Unterst\u00fctzung anbieten und beziehen.&#8221; button=&#8221;url:%2Fde%2Fangebote%2F|title:Zu%20unseren%20Angeboten||&#8221; items=&#8221;%5B%7B%7D%5D&#8221; link=&#8221;url:%2Fde%2Fangebote%2F|title:Zu%20unseren%20Angeboten||&#8221;][tm_box_icon style=&#8221;2&#8243; image=&#8221;1655&#8243; heading=&#8221;Spenden&#8221; text=&#8221;Mit Ihrer Spende unterst\u00fctzen Sie die Nachbarschaftshilfe See.&#8221; button=&#8221;url:%2Fde%2Fspenden%2F|title:Spenden||&#8221; items=&#8221;%5B%7B%7D%5D&#8221; link=&#8221;url:%2Fde%2Fspenden%2F|title:Spenden||&#8221;][\/vc_column_inner][\/vc_row_inner][vc_row_inner][vc_column_inner][vc_column_text] \u00dcbersicht bestehendes Angebot der umgebenen Vereinen und Organisationen Wir vermitteln auch bei einem bereits bestehenden Angebot der umgebenden Vereinen und Organisationen. Sie d\u00fcrfen sich gerne bei uns melden oder sich in der untenstehenden Suchmaske selbst informieren. Bitte haben Sie Verst\u00e4ndnis, wenn noch nicht alle Vereine und Organisationen aufgelistet sind.[\/vc_column_text][\/vc_column_inner][\/vc_row_inner][vc_row_inner][vc_column_inner][vc_column_text][tm_caregiver_search_form style=&#8221;02&#8243; heading=&#8221;Vereine und Organisationen&#8221; button_text=&#8221;Finden&#8221;][\/vc_column_text][\/vc_column_inner][\/vc_row_inner][tm_spacer size=&#8221;lg:10&#8243;][tm_spacer size=&#8221;lg:10&#8243;][tm_spacer size=&#8221;lg:10&#8243;][tm_spacer size=&#8221;lg:10&#8243;][tm_spacer size=&#8221;lg:10&#8243;][tm_spacer size=&#8221;lg:10&#8243;][\/vc_column][\/vc_row][vc_row][vc_column][tm_spacer size=&#8221;lg:10&#8243;][\/vc_column][\/vc_row]","og_url":"https:\/\/stage.nbhs.ch\/de\/","og_site_name":"Nachbarschaftshilfe See","article_modified_time":"2022-09-13T07:33:58+00:00","twitter_card":"summary_large_image","twitter_misc":{"Gesch\u00e4tzte Lesezeit":"2\u00a0Minuten"},"schema":{"@context":"https:\/\/schema.org","@graph":[{"@type":"WebPage","@id":"https:\/\/stage.nbhs.ch\/de\/","url":"https:\/\/stage.nbhs.ch\/de\/","name":"Home - Nachbarschaftshilfe See","isPartOf":{"@id":"https:\/\/stage.nbhs.ch\/de\/#website"},"datePublished":"2018-11-23T01:24:00+00:00","dateModified":"2022-09-13T07:33:58+00:00","breadcrumb":{"@id":"https:\/\/stage.nbhs.ch\/de\/#breadcrumb"},"inLanguage":"de","potentialAction":[{"@type":"ReadAction","target":["https:\/\/stage.nbhs.ch\/de\/"]}]},{"@type":"BreadcrumbList","@id":"https:\/\/stage.nbhs.ch\/de\/#breadcrumb","itemListElement":[{"@type":"ListItem","position":1,"name":"Startseite","item":"https:\/\/stage.nbhs.ch\/de\/"},{"@type":"ListItem","position":2,"name":"Home"}]},{"@type":"WebSite","@id":"https:\/\/stage.nbhs.ch\/de\/#website","url":"https:\/\/stage.nbhs.ch\/de\/","name":"Nachbarschaftshilfe See","description":"Dein Engagement z\u00e4hlt","potentialAction":[{"@type":"SearchAction","target":{"@type":"EntryPoint","urlTemplate":"https:\/\/stage.nbhs.ch\/de\/?s={search_term_string}"},"query-input":"required name=search_term_string"}],"inLanguage":"de"}]}},"_links":{"self":[{"href":"https:\/\/stage.nbhs.ch\/de\/wp-json\/wp\/v2\/pages\/1533\/"}],"collection":[{"href":"https:\/\/stage.nbhs.ch\/de\/wp-json\/wp\/v2\/pages\/"}],"about":[{"href":"https:\/\/stage.nbhs.ch\/de\/wp-json\/wp\/v2\/types\/page\/"}],"author":[{"embeddable":true,"href":"https:\/\/stage.nbhs.ch\/de\/wp-json\/wp\/v2\/users\/1\/"}],"replies":[{"embeddable":true,"href":"https:\/\/stage.nbhs.ch\/de\/wp-json\/wp\/v2\/comments\/?post=1533"}],"version-history":[{"count":43,"href":"https:\/\/stage.nbhs.ch\/de\/wp-json\/wp\/v2\/pages\/1533\/revisions\/"}],"predecessor-version":[{"id":3403,"href":"https:\/\/stage.nbhs.ch\/de\/wp-json\/wp\/v2\/pages\/1533\/revisions\/3403\/"}],"wp:attachment":[{"href":"https:\/\/stage.nbhs.ch\/de\/wp-json\/wp\/v2\/media\/?parent=1533"}],"curies":[{"name":"wp","href":"https:\/\/api.w.org\/{rel}","templated":true}]}}